{"id":2516,"date":"2022-03-04T12:29:14","date_gmt":"2022-03-04T11:29:14","guid":{"rendered":"http:\/\/sfej.asso.fr\/?page_id=2516"},"modified":"2022-07-17T03:04:05","modified_gmt":"2022-07-17T01:04:05","slug":"suivi-des-recrutements-mcf-2022","status":"publish","type":"page","link":"http:\/\/sfej.asso.fr\/?page_id=2516","title":{"rendered":"Suivi des recrutements MCF 2022"},"content":{"rendered":"\n<h2 class=\"has-text-align-center wp-block-heading\">Suivi des recrutements MCF 2022<\/h2>\n\n\n\n<p><strong>Cette page vise \u00e0 centraliser les informations concernant recrutements de ma\u00eetres de conf\u00e9rences et professeurs en \u00e9tudes japonaises pour la session synchronis\u00e9e 2022.&nbsp;<\/strong><\/p>\n\n\n\n<p>L\u2019objectif est donc de rassembler ici les informations suivantes:<\/p>\n\n\n\n<ul class=\"wp-block-list\"><li>nom, num\u00e9ro et profil du poste<\/li><li>composition du comit\u00e9 de s\u00e9lection<\/li><li>dates des diff\u00e9rentes \u00e9tapes<\/li><li>recrutement d\u00e9finitif<\/li><\/ul>\n\n\n\n<p>La liste des postes publi\u00e9s est disponible sur&nbsp;<a rel=\"noreferrer noopener\" href=\"https:\/\/www.galaxie.enseignementsup-recherche.gouv.fr\/ensup\/ListesPostesPublies\/Emplois_publies_TrieParCorps.html\" target=\"_blank\">le site galaxie<\/a>.<\/p>\n\n\n\n<p><\/p>\n\n\n\n<h2 class=\"has-text-align-center wp-block-heading\">Poste ouvert au concours 2022<\/h2>\n\n\n\n<h3 class=\"has-vivid-cyan-blue-color has-text-color wp-block-heading\"><span style=\"text-decoration: underline;\">Cergy Paris Universit\u00e9<\/span><\/h3>\n\n\n\n<p class=\"has-black-color has-text-color\"><a href=\"http:\/\/sfej.asso.fr\/wp-content\/uploads\/2022\/03\/FOPC_0952259P_104.pdf\">Fiche de poste<\/a> (\u00e9tudes japonaises &#8211; Langue et civilisation moderne et contemporaine)<\/p>\n\n\n\n<p><strong>R\u00e9f\u00e9rence Galaxie<\/strong> : no 104<\/p>\n\n\n\n<p><strong>Comit\u00e9 de s\u00e9lection :<\/strong> <span style=\"text-decoration: underline;\">Internes<\/span> \/ G\u00e9rald Peloux (P), Lui Zhang, Catherine Marshall (VP), Sarah Fila-Bakabadio, Geoffroy Huard de la Marre, Emmanuelle de Champs de Saintleger ; <span style=\"text-decoration: underline;\">Externes<\/span> \/ Julien Martine, Noriko Berlinguez-Kono, Christian Galan, Arnaud Grivaud, Isabelle Konuma, Sandra Schaal, Aline Henninger, Cl\u00e9a Patin-Miyamoto&nbsp;<\/p>\n\n\n\n<p><strong>Dates de r\u00e9unions :<\/strong>&nbsp;12\/04\/2022 ; 05\/05\/2022<\/p>\n\n\n\n<p><strong>Nombre de candidat.e.s auditionn\u00e9.e.s<\/strong> : 5<\/p>\n\n\n\n<p><strong>R\u00e9sultat valid\u00e9 par le CA<\/strong> : <strong>1. Gr\u00e9goire Sastre<\/strong> ; 2. Sarah Tanke ; 3. Ch\u016bj\u014d Chiharu<\/p>\n\n\n\n<p><\/p>\n\n\n\n<p><\/p>\n\n\n\n<h3 class=\"has-vivid-cyan-blue-color has-text-color wp-block-heading\"><span style=\"text-decoration: underline;\">Inalco<\/span><\/h3>\n\n\n\n<p><a href=\"http:\/\/sfej.asso.fr\/wp-content\/uploads\/2022\/03\/FOPC_0753488J_4201.pdf\">Fiche de poste<\/a> (Sciences humaines et sociales du Japon moderne et contemporain)<\/p>\n\n\n\n<p><strong>R\u00e9f\u00e9rence Galaxie<\/strong> : no 4201<\/p>\n\n\n\n<p><strong>Comit\u00e9 de s\u00e9lection :<\/strong> <span style=\"text-decoration: underline;\">Internes <\/span>\/ Michel Viellard-Baron (P), Tokumitsu-Partiot Naoko (VP), St\u00e9phane Arguillere, St\u00e9phane Th\u00e9venet, Chantal Verdeil ; <span style=\"text-decoration: underline;\">Externes<\/span> \/ Emmanuel Poisson, Muramatsu Kenjir\u014d, Alice Berthon, Shi Lu, Isabelle Charleux<\/p>\n\n\n\n<p><strong>Dates de r\u00e9unions :<\/strong>&nbsp;19\/04\/2022 ; 20\/05\/2022<\/p>\n\n\n\n<p><strong>Nombre de candidat.e.s auditionn\u00e9.e.s<\/strong> : 5<\/p>\n\n\n\n<p><strong>R\u00e9sultat valid\u00e9 par le CA<\/strong> : <strong>1. \u00c9douard l&rsquo;H\u00e9risson <\/strong>; 2. Clara Wartelle Sakamoto ; 3. Jeremy Corral <\/p>\n\n\n\n<p><\/p>\n\n\n\n<p><\/p>\n\n\n\n<h3 class=\"has-vivid-cyan-blue-color has-text-color wp-block-heading\"><span style=\"text-decoration: underline;\">Universit\u00e9 Paris Cit\u00e9<\/span><\/h3>\n\n\n\n<p class=\"has-black-color has-text-color\"><a href=\"http:\/\/sfej.asso.fr\/wp-content\/uploads\/2022\/03\/FOPC_0755976N_260.pdf\">Fiche de poste<\/a> (Culture du Japon)<\/p>\n\n\n\n<p><strong>R\u00e9f\u00e9rence Galaxie<\/strong> : no 260<\/p>\n\n\n\n<p><strong>Comit\u00e9 de s\u00e9lection :<\/strong> <span style=\"text-decoration: underline;\">Internes \/<\/span> C\u00e9cile Sakai (P), Daniel Struve, Yannick Bruneton, Thomas Garcin (VP), Hirose Midori ;  <span style=\"text-decoration: underline;\">Externes<\/span> \/ Sandra Schaal, Anne Gossot, H\u00e9l\u00e8ne Le Bail, Brigitte Lef\u00e8vre, Julien Bouvard <\/p>\n\n\n\n<p><strong>Dates de r\u00e9unions :<\/strong>&nbsp;01\/04\/2022 ; 12\/05\/2022<\/p>\n\n\n\n<p><strong>Nombre de candidat.e.s auditionn\u00e9.e.s<\/strong> : 5<\/p>\n\n\n\n<p><strong>R\u00e9sultat valid\u00e9 par le CA<\/strong> : <strong>1. Clara Wartelle Sakamoto<\/strong> ; 2. Simon Ebersolt ; 3. Ch\u016bj\u014d Chiharu<\/p>\n\n\n\n<p><\/p>\n\n\n\n<p><\/p>\n\n\n\n<h3 class=\"has-vivid-cyan-blue-color has-text-color wp-block-heading\"><span style=\"text-decoration: underline;\">Ecole Normale Sup\u00e9rieure de Lyon<\/span><\/h3>\n\n\n\n<p><a href=\"http:\/\/sfej.asso.fr\/wp-content\/uploads\/2022\/03\/FOPC_0694123G_4238.pdf\">Fiche de poste<\/a> (Histoire de l\u2019Asie de l\u2019Est du&nbsp;XVIIIe&nbsp;si\u00e8cle \u00e0 nos jours)<\/p>\n\n\n\n<p><strong>R\u00e9f\u00e9rence Galaxie<\/strong> : no 4238<\/p>\n\n\n\n<p><strong>Comit\u00e9 de s\u00e9lection<\/strong> : <span style=\"text-decoration: underline;\">interne<\/span>s \/ Fr\u00e9d\u00e9ric Ab\u00e9cassis, Claude Chevaleyre, Nicolas Richer (P), Emmanuelle Picard, Philippe Rygiel  ; <span style=\"text-decoration: underline;\">Externes<\/span> \/ Alice Berthon, Paola Calanca, Hilde De Weerdt, Bart Dessain, Eric Gu\u00e9rassimoff, B\u00e9atrice Jaluzot, Isabelle Konuma<\/p>\n\n\n\n<p><strong>Dates de r\u00e9unions :<\/strong>&nbsp;15\/04\/2022 ; 12\/05\/2022<\/p>\n\n\n\n<p><strong>Nombre de candidat.e.s auditionn\u00e9.e.s<\/strong> : <\/p>\n\n\n\n<p><strong>R\u00e9sultat valid\u00e9 par le CA<\/strong> :<\/p>\n\n\n\n<h2 class=\"has-text-align-center wp-block-heading\">Suivi des recrutements PU 2022<\/h2>\n\n\n\n<h3 class=\"wp-block-heading\"><span style=\"text-decoration: underline;\"><span style=\"color:#0693e3\" class=\"tadv-color\">Universit\u00e9 Paris Cit\u00e9<\/span><\/span><\/h3>\n\n\n\n<p>Fiche de poste (\u00c9tudes japonaises)<\/p>\n\n\n\n<p><strong>R\u00e9f\u00e9rence Galaxie<\/strong>&nbsp;: no 258<\/p>\n\n\n\n<p><strong>Comit\u00e9 de s\u00e9lection<\/strong> : <span style=\"text-decoration: underline\" class=\"underline\">interne<\/span>s \/ Annick Horiuchi (P), Daniel Struve, St\u00e9phane Feuillas, Emmanuel Poisson ; <span style=\"text-decoration: underline\" class=\"underline\">Externes<\/span> \/ Sophie Houdart, Claire Dodane, Christophe Marquet, Natacha Aveline<\/p>\n\n\n\n<p>Dates des r\u00e9unions : 12\/04\/2022 ; 10\/05\/2022<\/p>\n\n\n\n<p><strong>Nombre de candidat.e.s auditionn\u00e9.e.s<\/strong> : 3<\/p>\n\n\n\n<p><strong>R\u00e9sultat valid\u00e9 par le CA<\/strong> : <strong>1.<\/strong> Marianne Simon-Oikawa <\/p>\n\n\n\n<p> <\/p>\n","protected":false},"excerpt":{"rendered":"<p>Suivi des recrutements MCF 2022 Cette page vise \u00e0 centraliser les informations concernant recrutements de ma\u00eetres de conf\u00e9rences et professeurs en \u00e9tudes japonaises pour la session synchronis\u00e9e 2022.&nbsp; L\u2019objectif est donc de rassembler ici les informations suivantes: nom, num\u00e9ro et&hellip;&nbsp;<a href=\"http:\/\/sfej.asso.fr\/?page_id=2516\" class=\"more-link\">Lire la suite<\/a><\/p>\n","protected":false},"author":3,"featured_media":0,"parent":0,"menu_order":0,"comment_status":"closed","ping_status":"closed","template":"","meta":{"_EventAllDay":false,"_EventTimezone":"","_EventStartDate":"","_EventEndDate":"","_EventStartDateUTC":"","_EventEndDateUTC":"","_EventShowMap":false,"_EventShowMapLink":false,"_EventURL":"","_EventCost":"","_EventCostDescription":"","_EventCurrencySymbol":"","_EventCurrencyCode":"","_EventCurrencyPosition":"","_EventDateTimeSeparator":"","_EventTimeRangeSeparator":"","_EventOrganizerID":[],"_EventVenueID":[],"_OrganizerEmail":"","_OrganizerPhone":"","_OrganizerWebsite":"","_VenueAddress":"","_VenueCity":"","_VenueCountry":"","_VenueProvince":"","_VenueState":"","_VenueZip":"","_VenuePhone":"","_VenueURL":"","_VenueStateProvince":"","_VenueLat":"","_VenueLng":"","_VenueShowMap":false,"_VenueShowMapLink":false,"footnotes":""},"class_list":["post-2516","page","type-page","status-publish","hentry"],"_links":{"self":[{"href":"http:\/\/sfej.asso.fr\/index.php?rest_route=\/wp\/v2\/pages\/2516","targetHints":{"allow":["GET"]}}],"collection":[{"href":"http:\/\/sfej.asso.fr\/index.php?rest_route=\/wp\/v2\/pages"}],"about":[{"href":"http:\/\/sfej.asso.fr\/index.php?rest_route=\/wp\/v2\/types\/page"}],"author":[{"embeddable":true,"href":"http:\/\/sfej.asso.fr\/index.php?rest_route=\/wp\/v2\/users\/3"}],"replies":[{"embeddable":true,"href":"http:\/\/sfej.asso.fr\/index.php?rest_route=%2Fwp%2Fv2%2Fcomments&post=2516"}],"version-history":[{"count":22,"href":"http:\/\/sfej.asso.fr\/index.php?rest_route=\/wp\/v2\/pages\/2516\/revisions"}],"predecessor-version":[{"id":3024,"href":"http:\/\/sfej.asso.fr\/index.php?rest_route=\/wp\/v2\/pages\/2516\/revisions\/3024"}],"wp:attachment":[{"href":"http:\/\/sfej.asso.fr\/index.php?rest_route=%2Fwp%2Fv2%2Fmedia&parent=2516"}],"curies":[{"name":"wp","href":"https:\/\/api.w.org\/{rel}","templated":true}]}}