{"id":2611,"date":"2022-03-18T11:59:23","date_gmt":"2022-03-18T10:59:23","guid":{"rendered":"http:\/\/sfej.asso.fr\/?page_id=2611"},"modified":"2025-01-18T15:54:41","modified_gmt":"2025-01-18T14:54:41","slug":"conseil-de-la-sfej","status":"publish","type":"page","link":"http:\/\/sfej.asso.fr\/?page_id=2611","title":{"rendered":"Conseil de la SFEJ"},"content":{"rendered":"\n<h2 class=\"wp-block-heading has-text-align-center\"><strong>Composition actuelle du conseil de la SFEJ<\/strong><\/h2>\n\n\n\n<h2 class=\"wp-block-heading\"><strong>Pr\u00e9sidence<\/strong><\/h2>\n\n\n\n<p>\u2013&nbsp;<a href=\"https:\/\/www.crcao.fr\/membre\/matthias-hayek\/\">Matthias HAYEK<\/a>&nbsp;(Pr\u00e9sident)<br>\u2013&nbsp;<a href=\"https:\/\/geo.unistra.fr\/index.php?id=8402\">Sandra SCHAAL<\/a>&nbsp;(Vice pr\u00e9sidente)<\/p>\n\n\n\n<h2 class=\"wp-block-heading\"><strong>Bureau<\/strong><\/h2>\n\n\n\n<p>\u2013&nbsp;<a href=\"https:\/\/www.crcao.fr\/membre\/matthias-hayek\/\">Matthias HAYEK<\/a><br>\u2013&nbsp;<a href=\"https:\/\/geo.unistra.fr\/membres\/membres-permanents\/sandra-schaal\">Sandra SCHAAL<\/a><br>\u2013&nbsp;<a href=\"https:\/\/telem.u-bordeaux-montaigne.fr\/membres\/270-muller-guillaume\">Guillaume MULLER<\/a> (Secr\u00e9taire g\u00e9n\u00e9ral)<br>\u2013&nbsp;<a href=\"http:\/\/geo.unistra.fr\/fileadmin\/upload\/DUN\/GEO\/Maadikarib\/Lecteurs_et_ATER\/CV.mulard.2017.pdf\">Delphine MULARD<\/a>&nbsp;(Secr\u00e9taire adjointe)<br>\u2013&nbsp;<a href=\"https:\/\/www.univ-orleans.fr\/fr\/remelice\/membres\/chercheurs-titulaires\/aline-henninger\">Aline HENNINGER<\/a> (Tr\u00e9sori\u00e8re)<br>\u2013&nbsp;<a href=\"https:\/\/www.crcao.fr\/membre\/arnaud-grivaud\/\">Arnaud GRIVAUD<\/a>&nbsp;(Tr\u00e9sorier adjoint)<\/p>\n\n\n\n<h2 class=\"wp-block-heading\"><strong>Membres du conseil&nbsp;<\/strong><\/h2>\n\n\n\n<p>\u2013\u00a0<a href=\"https:\/\/ilcea4.univ-grenoble-alpes.fr\/membre\/alice-berthon\">Alice BERTHON<\/a><br>\u2013\u00a0<a href=\"https:\/\/www.crcao.fr\/membre\/cesar-castellvi\/\">C\u00e9sar CASTELLVI<\/a><br>\u2013 <a href=\"https:\/\/facdeslangues.univ-lyon3.fr\/chujo-chiharu\">Chiharu CH\u016aJ\u014c<\/a><br>&#8211; <a href=\"https:\/\/ccj.ehess.fr\/membres\/alice-doublier\">Alice DOUBLIER<\/a><br>&#8211; <a href=\"http:\/\/Christian GALAN\">Christian GALAN<\/a><br>&#8211; <a href=\"https:\/\/www.unige.ch\/lettres\/estas\/unites\/japonais\/enseignants\/chercheurs-associes\/elsagonay\">Elsa GONAY<\/a><br>\u2013\u00a0<a href=\"https:\/\/www.crcao.fr\/membre\/arnaud-grivaud\/\">Arnaud GRIVAUD<\/a><br>\u2013\u00a0<a href=\"https:\/\/www.crcao.fr\/membre\/matthias-hayek\/\">Matthias HAYEK<\/a><br>\u2013\u00a0<a href=\"https:\/\/www.univ-orleans.fr\/fr\/remelice\/membres\/chercheurs-titulaires\/aline-henninger\">Aline HENNINGER<\/a><br>\u2013 <a href=\"https:\/\/ifrae.cnrs.fr\/ifrae\/membres\/membres-permanents\/edouard-lherisson\/\">Edouard L&rsquo;HERISSON<\/a><br>\u2013\u00a0<a href=\"https:\/\/irasia.cnrs.fr\/arthur-mitteau\/\">Arthur MITTEAU<\/a>\u00a0<br>\u2013\u00a0<a href=\"http:\/\/geo.unistra.fr\/fileadmin\/upload\/DUN\/GEO\/Maadikarib\/Lecteurs_et_ATER\/CV.mulard.2017.pdf\">Delphine MULARD<\/a><br>\u2013\u00a0<a href=\"https:\/\/telem.u-bordeaux-montaigne.fr\/membres\/270-muller-guillaume\">Guillaume MULLER<\/a><br>\u2013\u00a0<a href=\"https:\/\/facdeslangues.univ-lyon3.fr\/m-kenjiro-muramatsu\">Kenjir\u014d MURAMATSU<\/a><br>\u2013 <a href=\"https:\/\/pro.univ-lille.fr\/cyrian-pitteloud\">Cyrian PITTELOUD<\/a>\u00a0<br>\u2013\u00a0<a href=\"http:\/\/crj.ehess.fr\/index.php?1218\">Gr\u00e9goire SASTRE<\/a>\u00a0<br>\u2013\u00a0<a href=\"https:\/\/geo.unistra.fr\/index.php?id=8402\">Sandra SCHAAL\u00a0<\/a><br>&#8211; <a href=\"https:\/\/ifrae.cnrs.fr\/ifrae\/membres\/jeunes-chercheurs\/aki-yoshida\/\">Aki YOSHIDA<\/a><\/p>\n\n\n\n<h2 class=\"wp-block-heading\"><strong>Carnet de recherche de la SFEJ \u2013 Japon(s)<\/strong><\/h2>\n\n\n\n<p>Alice DOUBLIER, Elsa GONAY, Edouard L&rsquo;HERISSON, Arthur MITTEAU et Cyrian PITTELOUD<\/p>\n\n\n\n<h2 class=\"wp-block-heading\"><strong>Organisation du 16e colloque de la SFEJ 2025 (Bordeaux)<\/strong><\/h2>\n\n\n\n<p>Jeremy CORRAL, Fabienne DUTEIL-OGATA, Guillaume MULLER et Rie URASOKO<\/p>\n\n\n\n<h2 class=\"wp-block-heading\"><strong>Organisation de l\u2019Atelier doctoral des \u00e9tudes japonaises 2024 (Paris)<\/strong><\/h2>\n\n\n\n<p>Romina BARTOCCI et Romain LEBAILLY<\/p>\n\n\n\n<h2 class=\"wp-block-heading\"><strong>Responsable du&nbsp;<em>Bulletin<\/em><\/strong><\/h2>\n\n\n\n<p>Kenjir\u014d MURAMATSU &amp; Chiharu CH\u016aJ\u014c<\/p>\n\n\n\n<h2 class=\"wp-block-heading\"><strong>Suivi du Prix de th\u00e8se<\/strong><\/h2>\n\n\n\n<p>Sandra SCHAAL<\/p>\n\n\n\n<h2 class=\"wp-block-heading\"><strong>Suivi \u00ab\u00a0s\u00e9minaire itin\u00e9rant\u00a0\u00bb de la SFEJ<\/strong><\/h2>\n\n\n\n<p>C\u00e9sar CASTELLVI<\/p>\n\n\n\n<h2 class=\"wp-block-heading\"><strong>Webmestre<\/strong>&nbsp;<strong>du site<\/strong><\/h2>\n\n\n\n<p>Sophie LE BERRE<\/p>\n\n\n\n<h2 class=\"wp-block-heading\">Anciens membres du Conseil<\/h2>\n\n\n\n<h3 class=\"wp-block-heading\">Pr\u00e9sidence<\/h3>\n\n\n\n<p>Fran\u00e7ois Mac\u00e9 (1990-2000)<br>C\u00e9cile Sakai (2001-2004)<br>Joseph Kiburtz (2005-2007)<br>Michel Vieillard-Baron (2008-2013)<br>Annick Horiuchi (2014-2019)<br>Matthias Hayek (2020-pr\u00e9sent)<\/p>\n\n\n\n<h3 class=\"wp-block-heading\">Vice-pr\u00e9sidence<\/h3>\n\n\n\n<p>Yves-Marie Allioux (1993-1994)<br>Jean-Pierre Berthon (1990-1991)&nbsp;<br>Patrick Beillevaire (1990-1996)<br>C\u00e9cile Sakai (1996-2000)<br>Nicolas Fi\u00e9v\u00e9 (1999 ; 2006-2007)<br>Terada Akira (2000-2002)<br>Christophe Marquet (2001-2004)<br>Asari Makoto (2003-2006)<br>Annick Horiuchi (2005)<br>Arnaud Brotons (2008)<br>\u00c9ric Seizelet (2012-2013)<br>Michael Lucken (2014)<br>Estelle Leggeri-Bauer (2015-2019)<br>Sandra Schaal (2020-pr\u00e9sent)<\/p>\n\n\n\n<h3 class=\"wp-block-heading\">Secr\u00e9tariat<\/h3>\n\n\n\n<p>C\u00e9cile Sakai (1990-1991)<br>Jean-Pierre Berthon (1992-1993 ; 1998-2000)<br>Nadine Lucas (1994-1997)<br>Bernard Thomann (2001-2002)<br>Claire-Akiko Brisset (2003-2005)<br>Chantal Claudel (2006-2007)<br>Yves Cadot (2008)<br>Isabelle Konuma (2012-2014)<br>Marie Parmentier (2015)<br>G\u00e9rald Peloux (2016-pr\u00e9sent)<\/p>\n\n\n\n<h3 class=\"wp-block-heading\">Secr\u00e9tariat (adjoint)<\/h3>\n\n\n\n<p>Patrik Le Nestour (1990-1991)<br>Nadine Lucas (1992-1993)<br>Anne Gossot (1994-1995)<br>Jean-Pierre Berthon (1996)<br>Mori Toshiko (1996-1999)<br>Michel Vieillard-Baron (1999-2001)<br>Claire Akiko Brisset (2002)<br>Chantal Claudel (2003-2005)<br>Elisabeth de Touchet (2003)<br>Murielle Hladik (2004-2005)<br>S\u00e9bastien Lechevalier (2004)<br>Sophie Houdart (2005-2007)<br>Sandrine Tabard (2012)<br>Marie Parmentier (2013-2014)<br>Brigitte Lef\u00e8vre (2014)&nbsp;<br>Shimosakai Mayumi (2015-2020)<br>Aline Henninger (2017-2020)<\/p>\n\n\n\n<h3 class=\"wp-block-heading\">Tr\u00e9sorerie&nbsp;<\/h3>\n\n\n\n<p>Laurence Caillet (1990-1992)<br>Nicolas Fi\u00e9v\u00e9 (1993-1995)<br>Christophe Marquet (1996-1997)<br>Marion Saucier (1998-2006)<br>Vincent Grepinet (2007-\u2026\u2026)<br>Eddy Dufourmont (2012-2013)<br>Takeki Kamiyama (2014)<br>Yannick Bardy (2015-2019)<br>Arnaud Grivaud (2020-pr\u00e9sent)<\/p>\n\n\n\n<h3 class=\"wp-block-heading\">Tr\u00e9sorerie (adjoint)<\/h3>\n\n\n\n<p>Guy Cagnon (1990-1992)<br>Abe Junko (1993-1995)<br>Tenma Nobuko (1996-2004)<br>S\u00e9bastien Lechevalier (2005)<br>Nakajima Akiko (2006-\u2026\u2026)<br>Guy d\u2019Albrand (2012-2013)<br>Eric Seizelet (2014-2015)<br>Aleksandra Kobiljski (2016)<br>Arnaud Grivaud (2017-2019)<br>Yannick Bardy (2020-2021)<br>C\u00e9sar Castellvi (2021-2023)<\/p>\n","protected":false},"excerpt":{"rendered":"<p>Composition actuelle du conseil de la SFEJ Pr\u00e9sidence \u2013&nbsp;Matthias HAYEK&nbsp;(Pr\u00e9sident)\u2013&nbsp;Sandra SCHAAL&nbsp;(Vice pr\u00e9sidente) Bureau \u2013&nbsp;Matthias HAYEK\u2013&nbsp;Sandra SCHAAL\u2013&nbsp;Guillaume MULLER (Secr\u00e9taire g\u00e9n\u00e9ral)\u2013&nbsp;Delphine MULARD&nbsp;(Secr\u00e9taire adjointe)\u2013&nbsp;Aline HENNINGER (Tr\u00e9sori\u00e8re)\u2013&nbsp;Arnaud GRIVAUD&nbsp;(Tr\u00e9sorier adjoint) Membres du conseil&nbsp; \u2013\u00a0Alice BERTHON\u2013\u00a0C\u00e9sar CASTELLVI\u2013 Chiharu CH\u016aJ\u014c&#8211; Alice DOUBLIER&#8211; Christian GALAN&#8211; Elsa GONAY\u2013\u00a0Arnaud GRIVAUD\u2013\u00a0Matthias&hellip;&nbsp;<a href=\"http:\/\/sfej.asso.fr\/?page_id=2611\" class=\"more-link\">Lire la suite<\/a><\/p>\n","protected":false},"author":3,"featured_media":0,"parent":0,"menu_order":0,"comment_status":"closed","ping_status":"closed","template":"","meta":{"_EventAllDay":false,"_EventTimezone":"","_EventStartDate":"","_EventEndDate":"","_EventStartDateUTC":"","_EventEndDateUTC":"","_EventShowMap":false,"_EventShowMapLink":false,"_EventURL":"","_EventCost":"","_EventCostDescription":"","_EventCurrencySymbol":"","_EventCurrencyCode":"","_EventCurrencyPosition":"","_EventDateTimeSeparator":"","_EventTimeRangeSeparator":"","_EventOrganizerID":[],"_EventVenueID":[],"_OrganizerEmail":"","_OrganizerPhone":"","_OrganizerWebsite":"","_VenueAddress":"","_VenueCity":"","_VenueCountry":"","_VenueProvince":"","_VenueState":"","_VenueZip":"","_VenuePhone":"","_VenueURL":"","_VenueStateProvince":"","_VenueLat":"","_VenueLng":"","_VenueShowMap":false,"_VenueShowMapLink":false,"footnotes":""},"class_list":["post-2611","page","type-page","status-publish","hentry"],"_links":{"self":[{"href":"http:\/\/sfej.asso.fr\/index.php?rest_route=\/wp\/v2\/pages\/2611","targetHints":{"allow":["GET"]}}],"collection":[{"href":"http:\/\/sfej.asso.fr\/index.php?rest_route=\/wp\/v2\/pages"}],"about":[{"href":"http:\/\/sfej.asso.fr\/index.php?rest_route=\/wp\/v2\/types\/page"}],"author":[{"embeddable":true,"href":"http:\/\/sfej.asso.fr\/index.php?rest_route=\/wp\/v2\/users\/3"}],"replies":[{"embeddable":true,"href":"http:\/\/sfej.asso.fr\/index.php?rest_route=%2Fwp%2Fv2%2Fcomments&post=2611"}],"version-history":[{"count":14,"href":"http:\/\/sfej.asso.fr\/index.php?rest_route=\/wp\/v2\/pages\/2611\/revisions"}],"predecessor-version":[{"id":7118,"href":"http:\/\/sfej.asso.fr\/index.php?rest_route=\/wp\/v2\/pages\/2611\/revisions\/7118"}],"wp:attachment":[{"href":"http:\/\/sfej.asso.fr\/index.php?rest_route=%2Fwp%2Fv2%2Fmedia&parent=2611"}],"curies":[{"name":"wp","href":"https:\/\/api.w.org\/{rel}","templated":true}]}}