{"id":4587,"date":"2023-03-21T17:29:02","date_gmt":"2023-03-21T16:29:02","guid":{"rendered":"http:\/\/sfej.asso.fr\/?page_id=4587"},"modified":"2023-10-14T11:23:40","modified_gmt":"2023-10-14T09:23:40","slug":"suivi-des-recrutements-mcf-2023","status":"publish","type":"page","link":"http:\/\/sfej.asso.fr\/?page_id=4587","title":{"rendered":"Suivi des Recrutements MCF 2023"},"content":{"rendered":"\n<h2 class=\"wp-block-heading has-text-align-center\">Suivi des recrutements MCF 2023<\/h2>\n\n\n\n<p><strong>Cette page vise \u00e0 centraliser les informations concernant recrutements de ma\u00eetres de conf\u00e9rences et professeurs en \u00e9tudes japonaises pour la session synchronis\u00e9e 2023.&nbsp;<\/strong><\/p>\n\n\n\n<p>L\u2019objectif est donc de rassembler ici les informations suivantes:<\/p>\n\n\n\n<ul class=\"wp-block-list\">\n<li>nom, num\u00e9ro et profil du poste<\/li>\n\n\n\n<li>composition du comit\u00e9 de s\u00e9lection<\/li>\n\n\n\n<li>dates des diff\u00e9rentes \u00e9tapes<\/li>\n\n\n\n<li>recrutement d\u00e9finitif<\/li>\n<\/ul>\n\n\n\n<p>La liste des postes publi\u00e9s est disponible sur&nbsp;<a rel=\"noreferrer noopener\" href=\"https:\/\/www.galaxie.enseignementsup-recherche.gouv.fr\/ensup\/ListesPostesPublies\/Emplois_publies_TrieParCorps.html\" target=\"_blank\">le site galaxie<\/a>.<\/p>\n\n\n\n<hr class=\"wp-block-separator has-alpha-channel-opacity\"\/>\n\n\n\n<h2 class=\"wp-block-heading has-text-align-center\">Postes ouverts au concours 2023<\/h2>\n\n\n\n<h3 class=\"wp-block-heading has-vivid-red-color has-text-color\">Universit\u00e9 de Lille<\/h3>\n\n\n\n<p class=\"has-black-color has-text-color\"><a href=\"http:\/\/sfej.asso.fr\/wp-content\/uploads\/2023\/03\/FOPC_0597239Y_160.pdf\" data-type=\"URL\" data-id=\"http:\/\/sfej.asso.fr\/wp-content\/uploads\/2023\/03\/FOPC_0597239Y_160.pdf\" target=\"_blank\" rel=\"noreferrer noopener\">Fiche de poste<\/a> (\u00e9tudes japonaises &#8211; Langue et soci\u00e9t\u00e9 du Japon moderne et contemporain)<\/p>\n\n\n\n<p><strong>R\u00e9f\u00e9rence Galaxie<\/strong> : n\u00b0160<\/p>\n\n\n\n<p><strong>Comit\u00e9 de s\u00e9lection :<\/strong> <strong><span style=\"text-decoration: underline;\">Internes<\/span><\/strong> \/ Yannick Bardy (P), Noriko Berlinguez-Kono (VP), Rie Cl\u00e9ment-Takeuchi, V\u00e9ronique H\u00e9brard-Santia; <strong><span style=\"text-decoration: underline;\">Externes<\/span><\/strong> \/ Annick Horiuchi, Julien Bouvard, Adrien Carbonnet, Matthias Hayek, Alice Berthon, Sandra Schaal<\/p>\n\n\n\n<p><strong>Dates de r\u00e9unions :<\/strong>&nbsp;\u00e9tude des dossiers le 5 mai 2023; auditions le 22 mai 2023.<\/p>\n\n\n\n<p><strong>Nombre de candidat.e.s auditionn\u00e9.e.s<\/strong> : <\/p>\n\n\n\n<p><strong>R\u00e9sultat valid\u00e9 par le CA<\/strong> : 1. Cyrian Pitteloud<\/p>\n\n\n\n<hr class=\"wp-block-separator has-alpha-channel-opacity\"\/>\n\n\n\n<h3 class=\"wp-block-heading has-vivid-red-color has-text-color\">Universit\u00e9 Bordeaux Montaigne<span style=\"text-decoration: underline;\"><\/span><\/h3>\n\n\n\n<p class=\"has-black-color has-text-color\"><a href=\"http:\/\/sfej.asso.fr\/wp-content\/uploads\/2023\/03\/FOPC_0331766R_4361.pdf\" data-type=\"URL\" data-id=\"http:\/\/sfej.asso.fr\/wp-content\/uploads\/2023\/03\/FOPC_0331766R_4361.pdf\" target=\"_blank\" rel=\"noreferrer noopener\">Fiche de poste<\/a> (\u00e9tudes japonaises &#8211; Japonais Civilisation contemporaine)<\/p>\n\n\n\n<p><strong>R\u00e9f\u00e9rence Galaxie<\/strong> : n\u00b04361<\/p>\n\n\n\n<p><strong>Comit\u00e9 de s\u00e9lection :<\/strong> <strong><span style=\"text-decoration: underline\" class=\"underline\">Internes<\/span><\/strong> \/ Fabienne Duteil-Ogata (P), Guillaume Muller (VP), R\u00e9mi Castets, H\u00e9l\u00e8ne Velasco Graciet, Philippe Ortel; <strong><span style=\"text-decoration: underline\" class=\"underline\">Externes<\/span><\/strong> \/ Annick Horiuchi, Julien Martine, Anne Bayard-Sakai, Aline Henninger, Noriko Berlinguez-Kono<\/p>\n\n\n\n<p><strong>Dates de r\u00e9unions :<\/strong>&nbsp;\u00e9tude des dossiers le 19 avril, auditions le 15 mai 2023.<\/p>\n\n\n\n<p><strong>Nombre de candidat.e.s auditionn\u00e9.e.s<\/strong> : <\/p>\n\n\n\n<p><strong>R\u00e9sultat valid\u00e9 par le CA<\/strong> : 1. Jeremy Corral<\/p>\n\n\n\n<hr class=\"wp-block-separator has-alpha-channel-opacity\"\/>\n\n\n\n<h3 class=\"wp-block-heading has-vivid-red-color has-text-color\">Universit\u00e9 de Strasbourg<\/h3>\n\n\n\n<p class=\"has-black-color has-text-color\"><a rel=\"noreferrer noopener\" href=\"http:\/\/sfej.asso.fr\/wp-content\/uploads\/2023\/03\/FOPC_0673021V_4846.pdf\" data-type=\"URL\" data-id=\"http:\/\/sfej.asso.fr\/wp-content\/uploads\/2023\/03\/FOPC_0673021V_4846.pdf\" target=\"_blank\">Fiche de poste<\/a> (\u00e9tudes japonaises &#8211; Civilisation, histoire de l&rsquo;art, histoire)<\/p>\n\n\n\n<p><strong>R\u00e9f\u00e9rence Galaxie<\/strong> : n\u00b04846<\/p>\n\n\n\n<p><strong>Comit\u00e9 de s\u00e9lection :<\/strong> <strong><span style=\"text-decoration: underline\" class=\"underline\">Internes<\/span><\/strong> \/ Nozomi Takahashi (P), Antonin Bechler (VP), Daniela-Monica Manolescu, Sandra Schaal, Benjamin Thomas; <strong><span style=\"text-decoration: underline\" class=\"underline\">Externes<\/span><\/strong> \/ G\u00e9rald Peloux, Cl\u00e9a Patin-Miyamoto, Marianne Simon-Oikawa, Yannick Bardy, Matthias Hayek<\/p>\n\n\n\n<p><strong>Dates de r\u00e9unions :<\/strong>&nbsp;<\/p>\n\n\n\n<p><strong>Nombre de candidat.e.s auditionn\u00e9.e.s<\/strong> : <\/p>\n\n\n\n<p><strong>R\u00e9sultat valid\u00e9 par le CA<\/strong> : 1. Delphine Mulard<\/p>\n\n\n\n<hr class=\"wp-block-separator has-alpha-channel-opacity\"\/>\n\n\n\n<h3 class=\"wp-block-heading has-vivid-red-color has-text-color\">Universit\u00e9 Lyon 3 (Jean Moulin)<span style=\"text-decoration: underline;\"><\/span><\/h3>\n\n\n\n<p><a href=\"http:\/\/sfej.asso.fr\/wp-content\/uploads\/2023\/03\/FOPC_0692437Z_4438.pdf\" data-type=\"URL\" data-id=\"http:\/\/sfej.asso.fr\/wp-content\/uploads\/2023\/03\/FOPC_0692437Z_4438.pdf\" target=\"_blank\" rel=\"noreferrer noopener\">Fiche de poste<\/a> (Langue et civilisation du Japon moderne et contemporain)<\/p>\n\n\n\n<p><strong>R\u00e9f\u00e9rence Galaxie<\/strong> : n\u00b04438<\/p>\n\n\n\n<p><strong>Comit\u00e9 de s\u00e9lection<\/strong> : <strong><span style=\"text-decoration: underline\" class=\"underline\">Internes<\/span><\/strong> \/ Jean-Pierre Giraud (P), Claire Dodane (VP), Nicolas Mollard, Jon Solomon, Jacqueline Estran; <strong><span style=\"text-decoration: underline\" class=\"underline\">Externes<\/span><\/strong> \/ Christian Galan, Tomoko Higashi, C\u00e9sar Castellvi, Marianne Simon-Oikawa, Alice Berthon<\/p>\n\n\n\n<p><strong>Dates de r\u00e9unions :<\/strong> \u00e9tude des dossiers le 25 avril 2023; auditions le 23 mai 2023.<\/p>\n\n\n\n<p><strong>Nombre de candidat.e.s auditionn\u00e9.e.s<\/strong> : <\/p>\n\n\n\n<p><strong>R\u00e9sultat valid\u00e9 par le CA<\/strong> : 1. Ch\u016bj\u014d Chiharu<\/p>\n","protected":false},"excerpt":{"rendered":"<p>Suivi des recrutements MCF 2023 Cette page vise \u00e0 centraliser les informations concernant recrutements de ma\u00eetres de conf\u00e9rences et professeurs en \u00e9tudes japonaises pour la session synchronis\u00e9e 2023.&nbsp; L\u2019objectif est donc de rassembler ici les informations suivantes: La liste des&hellip;&nbsp;<a href=\"http:\/\/sfej.asso.fr\/?page_id=4587\" class=\"more-link\">Lire la suite<\/a><\/p>\n","protected":false},"author":3,"featured_media":0,"parent":0,"menu_order":0,"comment_status":"closed","ping_status":"closed","template":"","meta":{"_EventAllDay":false,"_EventTimezone":"","_EventStartDate":"","_EventEndDate":"","_EventStartDateUTC":"","_EventEndDateUTC":"","_EventShowMap":false,"_EventShowMapLink":false,"_EventURL":"","_EventCost":"","_EventCostDescription":"","_EventCurrencySymbol":"","_EventCurrencyCode":"","_EventCurrencyPosition":"","_EventDateTimeSeparator":"","_EventTimeRangeSeparator":"","_EventOrganizerID":[],"_EventVenueID":[],"_OrganizerEmail":"","_OrganizerPhone":"","_OrganizerWebsite":"","_VenueAddress":"","_VenueCity":"","_VenueCountry":"","_VenueProvince":"","_VenueState":"","_VenueZip":"","_VenuePhone":"","_VenueURL":"","_VenueStateProvince":"","_VenueLat":"","_VenueLng":"","_VenueShowMap":false,"_VenueShowMapLink":false,"footnotes":""},"class_list":["post-4587","page","type-page","status-publish","hentry"],"_links":{"self":[{"href":"http:\/\/sfej.asso.fr\/index.php?rest_route=\/wp\/v2\/pages\/4587","targetHints":{"allow":["GET"]}}],"collection":[{"href":"http:\/\/sfej.asso.fr\/index.php?rest_route=\/wp\/v2\/pages"}],"about":[{"href":"http:\/\/sfej.asso.fr\/index.php?rest_route=\/wp\/v2\/types\/page"}],"author":[{"embeddable":true,"href":"http:\/\/sfej.asso.fr\/index.php?rest_route=\/wp\/v2\/users\/3"}],"replies":[{"embeddable":true,"href":"http:\/\/sfej.asso.fr\/index.php?rest_route=%2Fwp%2Fv2%2Fcomments&post=4587"}],"version-history":[{"count":30,"href":"http:\/\/sfej.asso.fr\/index.php?rest_route=\/wp\/v2\/pages\/4587\/revisions"}],"predecessor-version":[{"id":5316,"href":"http:\/\/sfej.asso.fr\/index.php?rest_route=\/wp\/v2\/pages\/4587\/revisions\/5316"}],"wp:attachment":[{"href":"http:\/\/sfej.asso.fr\/index.php?rest_route=%2Fwp%2Fv2%2Fmedia&parent=4587"}],"curies":[{"name":"wp","href":"https:\/\/api.w.org\/{rel}","templated":true}]}}