{"id":7931,"date":"2025-10-04T12:09:32","date_gmt":"2025-10-04T10:09:32","guid":{"rendered":"http:\/\/sfej.asso.fr\/?page_id=7931"},"modified":"2025-10-04T12:09:32","modified_gmt":"2025-10-04T10:09:32","slug":"membres-dhonneur-de-la-sfej","status":"publish","type":"page","link":"http:\/\/sfej.asso.fr\/?page_id=7931","title":{"rendered":"Membres d&rsquo;honneur de la SFEJ"},"content":{"rendered":"\n<p>Depuis 2015, la SFEJ d\u00e9signe, lors de ses assembl\u00e9es g\u00e9n\u00e9rales, un membre d\u2019honneur dont l\u2019engagement dans la vie de l\u2019association et dans les \u00e9tudes japonaises en France s\u2019est distingu\u00e9 de fa\u00e7on marquante.<\/p>\n\n\n\n<p>2015 : Francine H\u00e9rail<br>2016 : Jacqueline Pigeot<br>2017 : Fran\u00e7ois Mac\u00e9<br>2018 : \u00c9ric Seizelet<br>2021 : Christine L\u00e9vy<br>2023 : C\u00e9cile Sakai<\/p>\n","protected":false},"excerpt":{"rendered":"<p>Depuis 2015, la SFEJ d\u00e9signe, lors de ses assembl\u00e9es g\u00e9n\u00e9rales, un membre d\u2019honneur dont l\u2019engagement dans la vie de l\u2019association et dans les \u00e9tudes japonaises en France s\u2019est distingu\u00e9 de fa\u00e7on marquante. 2015 : Francine H\u00e9rail2016 : Jacqueline Pigeot2017 :&hellip;&nbsp;<a href=\"http:\/\/sfej.asso.fr\/?page_id=7931\" class=\"more-link\">Lire la suite<\/a><\/p>\n","protected":false},"author":3,"featured_media":0,"parent":0,"menu_order":0,"comment_status":"closed","ping_status":"closed","template":"","meta":{"_EventAllDay":false,"_EventTimezone":"","_EventStartDate":"","_EventEndDate":"","_EventStartDateUTC":"","_EventEndDateUTC":"","_EventShowMap":false,"_EventShowMapLink":false,"_EventURL":"","_EventCost":"","_EventCostDescription":"","_EventCurrencySymbol":"","_EventCurrencyCode":"","_EventCurrencyPosition":"","_EventDateTimeSeparator":"","_EventTimeRangeSeparator":"","_EventOrganizerID":[],"_EventVenueID":[],"_OrganizerEmail":"","_OrganizerPhone":"","_OrganizerWebsite":"","_VenueAddress":"","_VenueCity":"","_VenueCountry":"","_VenueProvince":"","_VenueState":"","_VenueZip":"","_VenuePhone":"","_VenueURL":"","_VenueStateProvince":"","_VenueLat":"","_VenueLng":"","_VenueShowMap":false,"_VenueShowMapLink":false,"footnotes":""},"class_list":["post-7931","page","type-page","status-publish","hentry"],"_links":{"self":[{"href":"http:\/\/sfej.asso.fr\/index.php?rest_route=\/wp\/v2\/pages\/7931","targetHints":{"allow":["GET"]}}],"collection":[{"href":"http:\/\/sfej.asso.fr\/index.php?rest_route=\/wp\/v2\/pages"}],"about":[{"href":"http:\/\/sfej.asso.fr\/index.php?rest_route=\/wp\/v2\/types\/page"}],"author":[{"embeddable":true,"href":"http:\/\/sfej.asso.fr\/index.php?rest_route=\/wp\/v2\/users\/3"}],"replies":[{"embeddable":true,"href":"http:\/\/sfej.asso.fr\/index.php?rest_route=%2Fwp%2Fv2%2Fcomments&post=7931"}],"version-history":[{"count":2,"href":"http:\/\/sfej.asso.fr\/index.php?rest_route=\/wp\/v2\/pages\/7931\/revisions"}],"predecessor-version":[{"id":7934,"href":"http:\/\/sfej.asso.fr\/index.php?rest_route=\/wp\/v2\/pages\/7931\/revisions\/7934"}],"wp:attachment":[{"href":"http:\/\/sfej.asso.fr\/index.php?rest_route=%2Fwp%2Fv2%2Fmedia&parent=7931"}],"curies":[{"name":"wp","href":"https:\/\/api.w.org\/{rel}","templated":true}]}}